{"id":1773,"date":"2022-03-08T19:55:31","date_gmt":"2022-03-08T18:55:31","guid":{"rendered":"https:\/\/rakusoft.com\/wordpress\/?page_id=1773"},"modified":"2023-05-22T15:41:05","modified_gmt":"2023-05-22T13:41:05","slug":"bannefeld-melsungen","status":"publish","type":"page","link":"https:\/\/rakusoft.com\/wordpress\/bannefeld-melsungen\/","title":{"rendered":"Bannefeld-Melsungen"},"content":{"rendered":"\n<p><a href=\"https:\/\/vstoriginal.compositive-grid-bias-fx-2-elite\/\"><strong>Positive Grid-Bias FX 2 Elite VST Crack<\/strong>\u00a0<\/a><\/p>\n\n\n<style>\/*! elementor - v3.5.6 - 03-03-2022 *\/<br \/>\n.elementor-widget-image{text-align:center}.elementor-widget-image a{display:inline-block;width:var(--img-width)}.elementor-widget-image a img{width:100%}.elementor-widget-image a img[src$=\".svg\"]{width:48px}.elementor-widget-image img{vertical-align:middle;display:inline-block;width:var(--img-width)}<\/style>\n<p>\t\t\t\t\t\t\t\t\t\t\t\t<img data-opt-id=1066270223  fetchpriority=\"high\" loading=\"lazy\" decoding=\"async\" width=\"800\" height=\"622\" src=\"https:\/\/mlncbkevfkos.i.optimole.com\/w:auto\/h:auto\/q:mauto\/f:best\/https:\/\/rakusoft.com\/wordpress\/wp-content\/uploads\/2022\/03\/Phone-Intro.jpg\" alt=\"\" loading=\"lazy\" srcset=\"https:\/\/mlncbkevfkos.i.optimole.com\/w:auto\/h:auto\/q:mauto\/f:best\/https:\/\/rakusoft.com\/wordpress\/wp-content\/uploads\/2022\/03\/Phone-Intro.jpg 975w, https:\/\/mlncbkevfkos.i.optimole.com\/w:300\/h:233\/q:mauto\/f:best\/https:\/\/rakusoft.com\/wordpress\/wp-content\/uploads\/2022\/03\/Phone-Intro.jpg 300w, https:\/\/mlncbkevfkos.i.optimole.com\/w:768\/h:597\/q:mauto\/f:best\/https:\/\/rakusoft.com\/wordpress\/wp-content\/uploads\/2022\/03\/Phone-Intro.jpg 768w\" sizes=\"auto, (max-width: 800px) 100vw, 800px\"><br>\n\t\t\t\t\t\t\t\t\t\t\t\t\t\t\t<img data-opt-id=946352144  fetchpriority=\"high\" loading=\"lazy\" decoding=\"async\" width=\"800\" height=\"316\" src=\"https:\/\/mlncbkevfkos.i.optimole.com\/w:1024\/h:404\/q:mauto\/f:best\/https:\/\/rakusoft.com\/wordpress\/wp-content\/uploads\/2022\/03\/web2.jpg\" alt=\"\" loading=\"lazy\" srcset=\"https:\/\/mlncbkevfkos.i.optimole.com\/w:1024\/h:404\/q:mauto\/f:best\/https:\/\/rakusoft.com\/wordpress\/wp-content\/uploads\/2022\/03\/web2.jpg 1024w, https:\/\/mlncbkevfkos.i.optimole.com\/w:300\/h:118\/q:mauto\/f:best\/https:\/\/rakusoft.com\/wordpress\/wp-content\/uploads\/2022\/03\/web2.jpg 300w, https:\/\/mlncbkevfkos.i.optimole.com\/w:768\/h:303\/q:mauto\/f:best\/https:\/\/rakusoft.com\/wordpress\/wp-content\/uploads\/2022\/03\/web2.jpg 768w, https:\/\/mlncbkevfkos.i.optimole.com\/w:1536\/h:606\/q:mauto\/f:best\/https:\/\/rakusoft.com\/wordpress\/wp-content\/uploads\/2022\/03\/web2.jpg 1536w, https:\/\/mlncbkevfkos.i.optimole.com\/w:1320\/h:521\/q:mauto\/f:best\/https:\/\/rakusoft.com\/wordpress\/wp-content\/uploads\/2022\/03\/web2.jpg 1320w, https:\/\/mlncbkevfkos.i.optimole.com\/w:auto\/h:auto\/q:mauto\/f:best\/https:\/\/rakusoft.com\/wordpress\/wp-content\/uploads\/2022\/03\/web2.jpg 1920w\" sizes=\"auto, (max-width: 800px) 100vw, 800px\"><br>\n\t\t\t<a href=\"#\" role=\"button\"><br>\n\t\t\t\t\t\tBeratung<br>\n\t\t\t\t\t<\/a><br>\n\t\t\t<a href=\"#\" role=\"button\"><br>\n\t\t\t\t\t\tService<br>\n\t\t\t\t\t<\/a><br>\n\t\t\t<a href=\"#\" role=\"button\"><br>\n\t\t\t\t\t\tVerkauf<br>\n\t\t\t\t\t<\/a><\/p>\n<style>\/*! elementor - v3.5.6 - 03-03-2022 *\/<br \/>\n.elementor-heading-title{padding:0;margin:0;line-height:1}.elementor-widget-heading .elementor-heading-title[class*=elementor-size-]>a{color:inherit;font-size:inherit;line-height:inherit}.elementor-widget-heading .elementor-heading-title.elementor-size-small{font-size:15px}.elementor-widget-heading .elementor-heading-title.elementor-size-medium{font-size:19px}.elementor-widget-heading .elementor-heading-title.elementor-size-large{font-size:29px}.elementor-widget-heading .elementor-heading-title.elementor-size-xl{font-size:39px}.elementor-widget-heading .elementor-heading-title.elementor-size-xxl{font-size:59px}<\/style>\n<h2>\u00d6ffnungszeiten<\/h2>\n<p>Montag bis Freitag:&nbsp; &nbsp;9:00 &#8211; 12:30<\/p>\n<p>&nbsp; &nbsp; &nbsp; &nbsp; &nbsp; &nbsp; &nbsp; &nbsp; &nbsp; &nbsp; &nbsp; &nbsp; &nbsp; &nbsp; &nbsp; &nbsp; &nbsp; &nbsp; &nbsp;13.30 &#8211; 17:00<\/p>\n<p>Samstag:&nbsp; &nbsp; &nbsp; &nbsp; &nbsp; &nbsp; &nbsp; &nbsp; &nbsp; &nbsp; &nbsp; 9:00 &#8211; 12:00&nbsp;<\/p>\n<h2>Kontakt<\/h2>\n<p>Kasseler Stra\u00dfe 48,&nbsp;34212 Melsungen<\/p>\n<p><strong>Telefon<\/strong><\/p>\n<p><a style=\"color: #ffcc00;\" href=\"tel:+495661921505\">05661 921505<\/a><\/p>\n<p><strong>FAX<\/strong><\/p>\n<p>05661 51393<\/p>\n<p>\t\t\t<iframe src=\"https:\/\/www.google.com\/maps\/embed?pb=!1m18!1m12!1m3!1d5007.2240520762825!2d9.537255978734635!3d51.13406403278015!2m3!1f0!2f0!3f0!3m2!1i1024!2i768!4f13.1!3m3!1m2!1s0x47bb5aaa136e9591%3A0x3a7b4e2cce8ac703!2sLeo%20Bannefeld%2C%20Eisenwaren%20e.K.!5e0!3m2!1sde!2sde!4v1646767918785!5m2!1sde!2sde\" width=\"600\" height=\"450\" style=\"border:0;\" allowfullscreen=\"\" loading=\"lazy\"><\/iframe>\t\t<\/p>\n<h4>Ihre schnelle Mail an uns<\/h4>\n<h6>Email: info@bannefeld.de<\/h6>\n<p>\t\t\t\t\t\t\t\t\t\t\t\t\t\t\t<img data-opt-id=1200170902  data-opt-src=\"https:\/\/mlncbkevfkos.i.optimole.com\/w:768\/h:577\/q:mauto\/f:best\/https:\/\/rakusoft.com\/wordpress\/wp-content\/uploads\/2022\/03\/key-g5cdf02d69_1280.jpg\"  loading=\"lazy\" decoding=\"async\" width=\"768\" height=\"577\" src=\"data:image/svg+xml,%3Csvg%20viewBox%3D%220%200%20768%20577%22%20width%3D%22768%22%20height%3D%22577%22%20xmlns%3D%22http%3A%2F%2Fwww.w3.org%2F2000%2Fsvg%22%3E%3Crect%20width%3D%22768%22%20height%3D%22577%22%20fill%3D%22transparent%22%2F%3E%3C%2Fsvg%3E\" alt=\"\" loading=\"lazy\" old-srcset=\"https:\/\/mlncbkevfkos.i.optimole.com\/w:768\/h:577\/q:mauto\/f:best\/https:\/\/rakusoft.com\/wordpress\/wp-content\/uploads\/2022\/03\/key-g5cdf02d69_1280.jpg 768w, https:\/\/mlncbkevfkos.i.optimole.com\/w:300\/h:225\/q:mauto\/f:best\/https:\/\/rakusoft.com\/wordpress\/wp-content\/uploads\/2022\/03\/key-g5cdf02d69_1280.jpg 300w, https:\/\/mlncbkevfkos.i.optimole.com\/w:1024\/h:769\/q:mauto\/f:best\/https:\/\/rakusoft.com\/wordpress\/wp-content\/uploads\/2022\/03\/key-g5cdf02d69_1280.jpg 1024w, https:\/\/mlncbkevfkos.i.optimole.com\/w:auto\/h:auto\/q:mauto\/f:best\/https:\/\/rakusoft.com\/wordpress\/wp-content\/uploads\/2022\/03\/key-g5cdf02d69_1280.jpg 1280w\">\t\t\t\t\t\t\t\t\t\t\t\t\t\t\t<\/p>\n<h1><strong>Firmengeschichte<\/strong>&nbsp;&nbsp;<\/h1>\n<p><\/p>\n<p>1946 Gr\u00fcndung durch den Kaufmann Leo Bannefeld in Spangenberg mit Schwerpunkt Glaserbedarf und Ladenbau&nbsp;<\/p>\n<p>1969 Er\u00f6ffnung einer Filiale in der Rotenburger Stra\u00dfe in Melsungen und Verlegung des Firmensitzes nach Melsungen \/ Spangenberg wird als Filiale weiterbetrieben&nbsp;\/ schrittweise Verlagerung der Schwerpunkte auf Eisenwaren und Heimwerkerger\u00e4te<\/p>\n<p>1969 Firmen\u00fcbernahme durch den bisherigen Filialleiter Fritz Schreiber aus Witzenhausen&nbsp;&nbsp;<\/p>\n<p>1970 Er\u00f6ffnung einer Filiale in Witzenhausen-Ermschwerd&nbsp;<\/p>\n<p>1988 \u00dcbernahme des Familienbetriebs durch Peter Schreiber \/ Konzentration auf den Standort Melsungen&nbsp;<\/p>\n<p>1999 Umzug in die N\u00fcrnberger Stra\u00dfe \/ Gr\u00fcndung Werkmarkt Bannefeld \/&nbsp; Sortimentserweiterung um Schl\u00fcsseldienst<\/p>\n<p>2016 Umzug in die Kasseler Stra\u00dfe \/ Schwerpunktverlagerung auf die langj\u00e4hrigen Kompetenzen Schl\u00fcsseldienst, Beschl\u00e4ge, Kleineisenware<\/p>\n<h2>Impressum<\/h2>\n<h2>Datenschutz<\/h2>\n<h2>Web-Design by rakuSoft<\/h2>","protected":false},"excerpt":{"rendered":"<p>Positive Grid-Bias FX 2 Elite VST Crack\u00a0 Beratung Service Verkauf \u00d6ffnungszeiten Montag bis Freitag:&nbsp; &nbsp;9:00 &#8211; 12:30 &nbsp; &nbsp; &nbsp; &nbsp; &nbsp; &nbsp; &nbsp; &nbsp; &nbsp; &nbsp; &nbsp; &nbsp; &nbsp; &nbsp; &nbsp; &nbsp; &nbsp; &nbsp; &nbsp;13.30 &#8211; 17:00 Samstag:&nbsp; &nbsp; &nbsp; &nbsp; &nbsp; &nbsp; &nbsp; &nbsp; &nbsp; &nbsp; &nbsp; 9:00 &#8211; 12:00&nbsp; Kontakt Kasseler Stra\u00dfe [&hellip;]<\/p>\n","protected":false},"author":1,"featured_media":0,"parent":0,"menu_order":0,"comment_status":"closed","ping_status":"closed","template":"elementor_header_footer","meta":{"site-sidebar-layout":"default","site-content-layout":"","ast-site-content-layout":"default","site-content-style":"default","site-sidebar-style":"default","ast-global-header-display":"","ast-banner-title-visibility":"","ast-main-header-display":"","ast-hfb-above-header-display":"","ast-hfb-below-header-display":"","ast-hfb-mobile-header-display":"","site-post-title":"","ast-breadcrumbs-content":"","ast-featured-img":"","footer-sml-layout":"","theme-transparent-header-meta":"","adv-header-id-meta":"","stick-header-meta":"","header-above-stick-meta":"","header-main-stick-meta":"","header-below-stick-meta":"","astra-migrate-meta-layouts":"default","ast-page-background-enabled":"default","ast-page-background-meta":{"desktop":{"background-color":"var(--ast-global-color-4)","background-image":"","background-repeat":"repeat","background-position":"center center","background-size":"auto","background-attachment":"scroll","background-type":"","background-media":"","overlay-type":"","overlay-color":"","overlay-opacity":"","overlay-gradient":""},"tablet":{"background-color":"","background-image":"","background-repeat":"repeat","background-position":"center center","background-size":"auto","background-attachment":"scroll","background-type":"","background-media":"","overlay-type":"","overlay-color":"","overlay-opacity":"","overlay-gradient":""},"mobile":{"background-color":"","background-image":"","background-repeat":"repeat","background-position":"center center","background-size":"auto","background-attachment":"scroll","background-type":"","background-media":"","overlay-type":"","overlay-color":"","overlay-opacity":"","overlay-gradient":""}},"ast-content-background-meta":{"desktop":{"background-color":"var(--ast-global-color-5)","background-image":"","background-repeat":"repeat","background-position":"center center","background-size":"auto","background-attachment":"scroll","background-type":"","background-media":"","overlay-type":"","overlay-color":"","overlay-opacity":"","overlay-gradient":""},"tablet":{"background-color":"var(--ast-global-color-5)","background-image":"","background-repeat":"repeat","background-position":"center center","background-size":"auto","background-attachment":"scroll","background-type":"","background-media":"","overlay-type":"","overlay-color":"","overlay-opacity":"","overlay-gradient":""},"mobile":{"background-color":"var(--ast-global-color-5)","background-image":"","background-repeat":"repeat","background-position":"center center","background-size":"auto","background-attachment":"scroll","background-type":"","background-media":"","overlay-type":"","overlay-color":"","overlay-opacity":"","overlay-gradient":""}},"footnotes":""},"class_list":["post-1773","page","type-page","status-publish","hentry"],"_links":{"self":[{"href":"https:\/\/rakusoft.com\/wordpress\/wp-json\/wp\/v2\/pages\/1773","targetHints":{"allow":["GET"]}}],"collection":[{"href":"https:\/\/rakusoft.com\/wordpress\/wp-json\/wp\/v2\/pages"}],"about":[{"href":"https:\/\/rakusoft.com\/wordpress\/wp-json\/wp\/v2\/types\/page"}],"author":[{"embeddable":true,"href":"https:\/\/rakusoft.com\/wordpress\/wp-json\/wp\/v2\/users\/1"}],"replies":[{"embeddable":true,"href":"https:\/\/rakusoft.com\/wordpress\/wp-json\/wp\/v2\/comments?post=1773"}],"version-history":[{"count":10,"href":"https:\/\/rakusoft.com\/wordpress\/wp-json\/wp\/v2\/pages\/1773\/revisions"}],"predecessor-version":[{"id":2219,"href":"https:\/\/rakusoft.com\/wordpress\/wp-json\/wp\/v2\/pages\/1773\/revisions\/2219"}],"wp:attachment":[{"href":"https:\/\/rakusoft.com\/wordpress\/wp-json\/wp\/v2\/media?parent=1773"}],"curies":[{"name":"wp","href":"https:\/\/api.w.org\/{rel}","templated":true}]}}